{"id":383,"date":"2012-05-27T17:19:22","date_gmt":"2012-05-27T21:19:22","guid":{"rendered":"http:\/\/www.kajakkurser.se\/?page_id=383"},"modified":"2020-03-24T13:22:26","modified_gmt":"2020-03-24T12:22:26","slug":"turer-till-sardinien","status":"publish","type":"page","link":"http:\/\/www.kajakkurser.se\/?page_id=383","title":{"rendered":"Turer till Sardinien"},"content":{"rendered":"<p>Sea Kayak Billdal kan hj\u00e4lpa er med\u00a0kontakt till kajak- och aktivitetsresor l\u00e4ngs kuster p\u00e5 Sardinien.<\/p>\n<p>Clark Weissinger, <a href=\"http:\/\/www.seakayaksardinia.com\/\">http:\/\/www.seakayaksardinia.com\/<\/a><\/p>\n<p>Paddlingen \u00e4r annorlunda och fantastisk med grottor, vikar och str\u00e4nder. Finns \u00e4ven en fin sk\u00e4rg\u00e5rd, La Maddalena, i nordv\u00e4st.<\/p>\n","protected":false},"excerpt":{"rendered":"<p>Sea Kayak Billdal kan hj\u00e4lpa er med\u00a0kontakt till kajak- och aktivitetsresor l\u00e4ngs kuster p\u00e5 Sardinien. Clark Weissinger, http:\/\/www.seakayaksardinia.com\/ Paddlingen \u00e4r annorlunda och fantastisk med grottor, vikar och str\u00e4nder. Finns \u00e4ven en fin sk\u00e4rg\u00e5rd, La Maddalena, i nordv\u00e4st.<\/p>\n","protected":false},"author":1,"featured_media":0,"parent":10,"menu_order":2,"comment_status":"open","ping_status":"open","template":"","meta":[],"_links":{"self":[{"href":"http:\/\/www.kajakkurser.se\/index.php?rest_route=\/wp\/v2\/pages\/383"}],"collection":[{"href":"http:\/\/www.kajakkurser.se\/index.php?rest_route=\/wp\/v2\/pages"}],"about":[{"href":"http:\/\/www.kajakkurser.se\/index.php?rest_route=\/wp\/v2\/types\/page"}],"author":[{"embeddable":true,"href":"http:\/\/www.kajakkurser.se\/index.php?rest_route=\/wp\/v2\/users\/1"}],"replies":[{"embeddable":true,"href":"http:\/\/www.kajakkurser.se\/index.php?rest_route=%2Fwp%2Fv2%2Fcomments&post=383"}],"version-history":[{"count":7,"href":"http:\/\/www.kajakkurser.se\/index.php?rest_route=\/wp\/v2\/pages\/383\/revisions"}],"predecessor-version":[{"id":2108,"href":"http:\/\/www.kajakkurser.se\/index.php?rest_route=\/wp\/v2\/pages\/383\/revisions\/2108"}],"up":[{"embeddable":true,"href":"http:\/\/www.kajakkurser.se\/index.php?rest_route=\/wp\/v2\/pages\/10"}],"wp:attachment":[{"href":"http:\/\/www.kajakkurser.se\/index.php?rest_route=%2Fwp%2Fv2%2Fmedia&parent=383"}],"curies":[{"name":"wp","href":"https:\/\/api.w.org\/{rel}","templated":true}]}}