{"id":1331,"date":"2020-02-08T12:47:47","date_gmt":"2020-02-08T11:47:47","guid":{"rendered":"http:\/\/www.kajakkurser.se\/?page_id=1331"},"modified":"2026-02-25T18:12:15","modified_gmt":"2026-02-25T17:12:15","slug":"torrdrakter","status":"publish","type":"page","link":"https:\/\/www.kajakkurser.se\/?page_id=1331","title":{"rendered":"Torrdr\u00e4kter &#038; Tuiliqs"},"content":{"rendered":"<blockquote><p><strong>Torrdr\u00e4kter, K\u00f4katat<\/strong><\/p><\/blockquote>\n<p>(K\u00f4katat = \u201cinto the water\u201d in the language of the indigenous Klamath River people)<\/p>\n<p><strong>I lager:<\/strong><\/p>\n<p><strong>Gore-tex Front Entry Dry Suit med strumpor\/kisslucka &#8211; Men\u00a0 \u00a0 \u00a0 \u00a0\u00a0<\/strong><strong>13 500:-<\/strong><\/p>\n<p><strong><img decoding=\"async\" loading=\"lazy\" class=\"aligncenter size-thumbnail wp-image-2571\" src=\"http:\/\/www.kajakkurser.se\/wp-content\/uploads\/2020\/02\/kokatat_frontentry2-150x150.jpg\" alt=\"kokatat_frontentry2\" width=\"150\" height=\"150\" srcset=\"https:\/\/www.kajakkurser.se\/wp-content\/uploads\/2020\/02\/kokatat_frontentry2-150x150.jpg 150w, https:\/\/www.kajakkurser.se\/wp-content\/uploads\/2020\/02\/kokatat_frontentry2-300x300.jpg 300w, https:\/\/www.kajakkurser.se\/wp-content\/uploads\/2020\/02\/kokatat_frontentry2.jpg 500w\" sizes=\"(max-width: 150px) 100vw, 150px\" \/><\/strong><\/p>\n<ol>\n<li>1st R\u00f6d i storlek M<\/li>\n<\/ol>\n<p><strong>Hydrus 3L Swift Entry Dry Suit med strumpor\/kisslucka- Men&#8217;s\u00a0 \u00a0 \u00a0 \u00a0 \u00a0 \u00a0 \u00a0 13 950:- <\/strong><\/p>\n<ol>\n<li>1st Electric Blue (f\u00e4rg) size XL<\/li>\n<li>1st Tangerine (f\u00e4rg) size M<\/li>\n<li>1st Tangerine (f\u00e4rg) size L\u00a0 \u00a0 \u00a0 \u00a0 \u00a0 \u00a0 \u00a0 \u00a0 \u00a0 \u00a0 \u00a0 \u00a0 \u00a0 \u00a0 \u00a0 \u00a0 \u00a0 \u00a0 \u00a0 \u00a0 \u00a0 \u00a0 \u00a0 \u00a0 \u00a0 \u00a0 \u00a0 \u00a0 \u00a0 \u00a0 \u00a0 \u00a0 \u00a0 \u00a0 \u00a0 \u00a0 \u00a0 \u00a0 \u00a0 \u00a0<a href=\"https:\/\/kokatat.com\/hydrus-3l-swift-entry-dry-suit-with-relief-zipper-and-socks-dsuhser\">Swift Entry Dry Suit (Hydrus 3.0) with Relief Zipper and Socks &#8211; Kokatat<\/a><\/li>\n<\/ol>\n<p><strong>Hydrus 3L Swift Entry Dry Suit med strumpor + Drop seat &#8211; Women&#8217;s 13950:-<\/strong><\/p>\n<ol>\n<li>1st Rain (f\u00e4rg) size L<\/li>\n<\/ol>\n<p><strong>Tuiliqs, Reed Chillcheater<\/strong><\/p>\n<p>I lager:<\/p>\n<p>1st S &amp; 1st L Tent Style till Rebel Naja, 3000:-<\/p>\n<p>1st L Tent Style Rebel Ilaga, 4000:-<\/p>\n<p>1st Universal som passar till b\u00e5de tex Rebel Husky\/Greenland T och Ilaga, 3500:-, storlek L<\/p>\n<p><img decoding=\"async\" loading=\"lazy\" class=\"aligncenter size-thumbnail wp-image-2199\" src=\"http:\/\/www.kajakkurser.se\/wp-content\/uploads\/2020\/02\/tuliq-150x150.jpg\" alt=\"tuliq\" width=\"150\" height=\"150\" srcset=\"https:\/\/www.kajakkurser.se\/wp-content\/uploads\/2020\/02\/tuliq-150x150.jpg 150w, https:\/\/www.kajakkurser.se\/wp-content\/uploads\/2020\/02\/tuliq.jpg 200w\" sizes=\"(max-width: 150px) 100vw, 150px\" \/><\/p>\n<p><a href=\"https:\/\/www.chillcheater.com\/tuliqs\/aquatherm-ocean-cockpit-tuiliq-tent-style\">Aquatherm Ocean Cockpit Tuiliq (Tent Style) (chillcheater.com)<\/a><\/p>\n<p>Nybest\u00e4llning fr\u00e5n 4000:-<\/p>\n<p>seakayakbilldal@gmail.com \u00a0 +46 (0)701488503<\/p>\n","protected":false},"excerpt":{"rendered":"<p>Torrdr\u00e4kter, K\u00f4katat (K\u00f4katat = \u201cinto the water\u201d in the language of the indigenous Klamath River people) I lager: Gore-tex Front Entry Dry Suit med strumpor\/kisslucka &#8211; Men\u00a0 \u00a0 \u00a0 \u00a0\u00a013 500:- 1st R\u00f6d i storlek M Hydrus 3L Swift Entry Dry Suit med strumpor\/kisslucka- Men&#8217;s\u00a0 \u00a0 \u00a0 \u00a0 \u00a0 \u00a0 \u00a0 13 950:- 1st Electric &hellip; <a href=\"https:\/\/www.kajakkurser.se\/?page_id=1331\" class=\"more-link\">Continue reading <span class=\"screen-reader-text\">Torrdr\u00e4kter &#038; Tuiliqs<\/span> <span class=\"meta-nav\">&rarr;<\/span><\/a><\/p>\n","protected":false},"author":1,"featured_media":2211,"parent":445,"menu_order":4,"comment_status":"closed","ping_status":"closed","template":"","meta":[],"_links":{"self":[{"href":"https:\/\/www.kajakkurser.se\/index.php?rest_route=\/wp\/v2\/pages\/1331"}],"collection":[{"href":"https:\/\/www.kajakkurser.se\/index.php?rest_route=\/wp\/v2\/pages"}],"about":[{"href":"https:\/\/www.kajakkurser.se\/index.php?rest_route=\/wp\/v2\/types\/page"}],"author":[{"embeddable":true,"href":"https:\/\/www.kajakkurser.se\/index.php?rest_route=\/wp\/v2\/users\/1"}],"replies":[{"embeddable":true,"href":"https:\/\/www.kajakkurser.se\/index.php?rest_route=%2Fwp%2Fv2%2Fcomments&post=1331"}],"version-history":[{"count":68,"href":"https:\/\/www.kajakkurser.se\/index.php?rest_route=\/wp\/v2\/pages\/1331\/revisions"}],"predecessor-version":[{"id":3338,"href":"https:\/\/www.kajakkurser.se\/index.php?rest_route=\/wp\/v2\/pages\/1331\/revisions\/3338"}],"up":[{"embeddable":true,"href":"https:\/\/www.kajakkurser.se\/index.php?rest_route=\/wp\/v2\/pages\/445"}],"wp:featuredmedia":[{"embeddable":true,"href":"https:\/\/www.kajakkurser.se\/index.php?rest_route=\/wp\/v2\/media\/2211"}],"wp:attachment":[{"href":"https:\/\/www.kajakkurser.se\/index.php?rest_route=%2Fwp%2Fv2%2Fmedia&parent=1331"}],"curies":[{"name":"wp","href":"https:\/\/api.w.org\/{rel}","templated":true}]}}