{"id":1436,"date":"2021-04-08T14:25:32","date_gmt":"2021-04-08T12:25:32","guid":{"rendered":"http:\/\/www.kajakkurser.se\/?page_id=1436"},"modified":"2021-04-29T08:45:18","modified_gmt":"2021-04-29T06:45:18","slug":"kajaker","status":"publish","type":"page","link":"https:\/\/www.kajakkurser.se\/?page_id=1436","title":{"rendered":"Kajaker"},"content":{"rendered":"<p>Kajaker fr\u00e5n Tahe Outdoors, Aquarius, Rebel Kayaks och Tiderace.<\/p>\n<p>Kolla in respektive flik f\u00f6r priser p\u00e5 de olika kajakerna beroende p\u00e5 m\u00e4rke.<\/p>\n<p>Provpaddling ing\u00e5r i samband med k\u00f6p, annars 200:-\/timme<\/p>\n<p>Ring 0701 48 85 03\u00a0 eller skicka e-post seakayakbilldal@gmail.com<\/p>\n","protected":false},"excerpt":{"rendered":"<p>Kajaker fr\u00e5n Tahe Outdoors, Aquarius, Rebel Kayaks och Tiderace. Kolla in respektive flik f\u00f6r priser p\u00e5 de olika kajakerna beroende p\u00e5 m\u00e4rke. Provpaddling ing\u00e5r i samband med k\u00f6p, annars 200:-\/timme Ring 0701 48 85 03\u00a0 eller skicka e-post seakayakbilldal@gmail.com<\/p>\n","protected":false},"author":1,"featured_media":2090,"parent":445,"menu_order":1,"comment_status":"closed","ping_status":"closed","template":"","meta":[],"_links":{"self":[{"href":"https:\/\/www.kajakkurser.se\/index.php?rest_route=\/wp\/v2\/pages\/1436"}],"collection":[{"href":"https:\/\/www.kajakkurser.se\/index.php?rest_route=\/wp\/v2\/pages"}],"about":[{"href":"https:\/\/www.kajakkurser.se\/index.php?rest_route=\/wp\/v2\/types\/page"}],"author":[{"embeddable":true,"href":"https:\/\/www.kajakkurser.se\/index.php?rest_route=\/wp\/v2\/users\/1"}],"replies":[{"embeddable":true,"href":"https:\/\/www.kajakkurser.se\/index.php?rest_route=%2Fwp%2Fv2%2Fcomments&post=1436"}],"version-history":[{"count":95,"href":"https:\/\/www.kajakkurser.se\/index.php?rest_route=\/wp\/v2\/pages\/1436\/revisions"}],"predecessor-version":[{"id":2487,"href":"https:\/\/www.kajakkurser.se\/index.php?rest_route=\/wp\/v2\/pages\/1436\/revisions\/2487"}],"up":[{"embeddable":true,"href":"https:\/\/www.kajakkurser.se\/index.php?rest_route=\/wp\/v2\/pages\/445"}],"wp:featuredmedia":[{"embeddable":true,"href":"https:\/\/www.kajakkurser.se\/index.php?rest_route=\/wp\/v2\/media\/2090"}],"wp:attachment":[{"href":"https:\/\/www.kajakkurser.se\/index.php?rest_route=%2Fwp%2Fv2%2Fmedia&parent=1436"}],"curies":[{"name":"wp","href":"https:\/\/api.w.org\/{rel}","templated":true}]}}