{"id":154,"date":"2021-04-16T16:33:30","date_gmt":"2021-04-16T14:33:30","guid":{"rendered":"http:\/\/www.kajakkurser.se\/?page_id=154"},"modified":"2022-07-27T23:33:16","modified_gmt":"2022-07-27T21:33:16","slug":"staff","status":"publish","type":"page","link":"https:\/\/www.kajakkurser.se\/?page_id=154","title":{"rendered":"Staff"},"content":{"rendered":"<hr \/>\n<p><strong>Mikael Svalstrand<\/strong> 0701 488503\u00a0 seakayakbilldal@gmail.com<\/p>\n<p><img decoding=\"async\" loading=\"lazy\" class=\"aligncenter size-thumbnail wp-image-2460\" src=\"http:\/\/www.kajakkurser.se\/wp-content\/uploads\/2017\/10\/20200228_103458-150x150.jpg\" alt=\"20200228_103458\" width=\"150\" height=\"150\" \/><\/p>\n<p>Instrukt\u00f6r och examinator Paddelpasset Gul\/Gr\u00f6n\/Bl\u00e5<\/p>\n<p>BCU 4 star Leader Award\/ BCU Level 1 Coach<\/p>\n<p>Sottocosta Avanzato<\/p>\n<p>NIL, Nordisk Instrukt\u00f6rslicens<\/p>\n<p>Idrottsl\u00e4rare (GIH \u00d6rebro 1987-1990)<\/p>\n<p>Idrottsl\u00e4rare gymnasieniv\u00e5 1991-fortfarande<\/p>\n<p>Teodor Svalstrand\u00a00733804808<\/p>\n<p>&nbsp;<\/p>\n","protected":false},"excerpt":{"rendered":"<p>Mikael Svalstrand 0701 488503\u00a0 seakayakbilldal@gmail.com Instrukt\u00f6r och examinator Paddelpasset Gul\/Gr\u00f6n\/Bl\u00e5 BCU 4 star Leader Award\/ BCU Level 1 Coach Sottocosta Avanzato NIL, Nordisk Instrukt\u00f6rslicens Idrottsl\u00e4rare (GIH \u00d6rebro 1987-1990) Idrottsl\u00e4rare gymnasieniv\u00e5 1991-fortfarande Teodor Svalstrand\u00a00733804808 &nbsp;<\/p>\n","protected":false},"author":1,"featured_media":1853,"parent":2,"menu_order":0,"comment_status":"open","ping_status":"open","template":"","meta":[],"_links":{"self":[{"href":"https:\/\/www.kajakkurser.se\/index.php?rest_route=\/wp\/v2\/pages\/154"}],"collection":[{"href":"https:\/\/www.kajakkurser.se\/index.php?rest_route=\/wp\/v2\/pages"}],"about":[{"href":"https:\/\/www.kajakkurser.se\/index.php?rest_route=\/wp\/v2\/types\/page"}],"author":[{"embeddable":true,"href":"https:\/\/www.kajakkurser.se\/index.php?rest_route=\/wp\/v2\/users\/1"}],"replies":[{"embeddable":true,"href":"https:\/\/www.kajakkurser.se\/index.php?rest_route=%2Fwp%2Fv2%2Fcomments&post=154"}],"version-history":[{"count":8,"href":"https:\/\/www.kajakkurser.se\/index.php?rest_route=\/wp\/v2\/pages\/154\/revisions"}],"predecessor-version":[{"id":2924,"href":"https:\/\/www.kajakkurser.se\/index.php?rest_route=\/wp\/v2\/pages\/154\/revisions\/2924"}],"up":[{"embeddable":true,"href":"https:\/\/www.kajakkurser.se\/index.php?rest_route=\/wp\/v2\/pages\/2"}],"wp:featuredmedia":[{"embeddable":true,"href":"https:\/\/www.kajakkurser.se\/index.php?rest_route=\/wp\/v2\/media\/1853"}],"wp:attachment":[{"href":"https:\/\/www.kajakkurser.se\/index.php?rest_route=%2Fwp%2Fv2%2Fmedia&parent=154"}],"curies":[{"name":"wp","href":"https:\/\/api.w.org\/{rel}","templated":true}]}}