{"id":160,"date":"2021-04-28T07:52:11","date_gmt":"2021-04-28T05:52:11","guid":{"rendered":"http:\/\/www.kajakkurser.se\/?page_id=160"},"modified":"2026-03-05T22:24:41","modified_gmt":"2026-03-05T21:24:41","slug":"160-2","status":"publish","type":"page","link":"https:\/\/www.kajakkurser.se\/?page_id=160","title":{"rendered":"Kajakkurser\/courses"},"content":{"rendered":"<hr \/>\n<p><strong>2026<\/strong><\/p>\n<p><strong>A) Paddelpasset GUL kurs 4,5 timmar, <\/strong><strong>1250:-<\/strong><\/p>\n<p>(tillkommer ev kajakhyra 200:-, torrdr\u00e4kt\/v\u00e5tdr\u00e4kt 100:-\/torrdr\u00e4kt alt v\u00e5tdr\u00e4kt + kajak 250:-) <strong>all inclusive kurs och utrustning 1500:-<\/strong><\/p>\n<p>En grundkurs f\u00f6r dig som vill l\u00e4ra dig att ta dig i och ur kajaken fr\u00e5n strand och brygga, hur du paddlar fram\u00e5t, stoppar, backar och sv\u00e4nger med svepdrag, styr med paddeln etc. R\u00e4ddnings\u00f6vningarna best\u00e5r av att ta sig ur kajaken vid kapsejsning, simma kajaken in till strand f\u00f6r att d\u00e4r t\u00f6mma den p\u00e5 vatten. Vi tr\u00e4nar \u00e4ven p\u00e5 sj\u00e4lvr\u00e4ddning och kamratr\u00e4ddning f\u00f6r de som \u00f6nskar (ing\u00e5r egentligen inte i GUL kurs) samt en del teknik som kan f\u00f6rbereda paddlaren inf\u00f6r n\u00e4sta steg.<\/p>\n<p><a href=\"https:\/\/kanot.com\/utbildning\/paddelpasset\/gul---niva-1\">Gul \u2013 niv\u00e5 1 | Svenska Kanotf\u00f6rbundet<\/a><\/p>\n<p><a href=\"https:\/\/kanot.com\/utbildning\/paddelpasset\/gul---niva-1\/kanot-gul\">Kanot Gul | Svenska Kanotf\u00f6rbundet<\/a><\/p>\n<ol>\n<li>L\u00f6rdag 2 maj, 10-14:30 (6 platser)<\/li>\n<li>S\u00f6ndag 17 maj, 10-14:30 (6 platser)<\/li>\n<li>S\u00f6ndag 31 maj, 10-14:30 (6 platser)<\/li>\n<li>S\u00f6ndag 7 juni, 10-14:30 (6 platser, 4 bokade)<\/li>\n<li>Torsdag 11 juni, 17:30-21:00 (6 platser)<\/li>\n<li>S\u00f6ndag 21 juni, 10-14:30 (6 platser)<\/li>\n<li>Kurser juli, augusti och september kommer.<\/li>\n<li>Kom g\u00e4rna med f\u00f6rslag p\u00e5 datum som passar just dig\/er.<\/li>\n<\/ol>\n<p><strong>B) Paddelpasset GR\u00d6N kurs, <\/strong><strong>heldagskurs, <\/strong>9-16.30, <strong>1750:-<\/strong><\/p>\n<p>(tillkommer ev kajakhyra 200:-, torrdr\u00e4kt\/v\u00e5tdr\u00e4kt 100:-\/torrdr\u00e4kt alt v\u00e5tdr\u00e4kt + kajak 250:-) <strong>all inclusive kurs + utrustning 2000:-<\/strong><\/p>\n<p>Denna kurs kan du v\u00e4lja om du \u00e4r nyb\u00f6rjare, har paddlat en del, men \u00e4ven om du paddlat i flera \u00e5r, men kanske mestadels paddlat turer. Vi jobbar med teknik- och r\u00e4ddnings\u00f6vningarGR\u00d6NA f\u00e4rdigheter. Fler teknik- o r\u00e4ddnings\u00f6vningar i denna kurs \u00e4n i kurs Grund och mer tid till varje \u00f6vning. Du f\u00e5r \u00e4ven chans att prova p\u00e5 n\u00e5gra \u00f6vningar inf\u00f6r n\u00e4sta steg, BL\u00c5 kurs. En heldag p\u00e5 vattnet. Kul, l\u00e4rorikt och nyttigt.<\/p>\n<p><a href=\"https:\/\/kanot.com\/utbildning\/paddelpasset\/gron---niva-2\/kajak-gron\">Kajak Gr\u00f6n | Svenska Kanotf\u00f6rbundet<\/a><\/p>\n<ol>\n<li>L\u00f6rdag 9 maj, 9-16:30 (6 platser)<\/li>\n<li>S\u00f6ndag 24 maj, 9-16:30 (6 platser)<\/li>\n<li>L\u00f6rdag 13 juni, 9-16:30 (6 platser)<\/li>\n<li>Kurser juli, augusti och september kommer.<\/li>\n<\/ol>\n<p>2. Kom g\u00e4rna med f\u00f6rslag p\u00e5 datum som passar just dig\/er.<\/p>\n<p><img decoding=\"async\" loading=\"lazy\" class=\"aligncenter size-thumbnail wp-image-2183\" src=\"http:\/\/www.kajakkurser.se\/wp-content\/uploads\/2019\/10\/heldagskurs-150x150.jpg\" alt=\"heldagskurs\" width=\"150\" height=\"150\" \/><\/p>\n<p><strong>Paddelpasset GR\u00d6N examination<\/strong>,\u00a0 1750:- f\u00f6r examination inkl paddelpass.\u00a0Tillkommer ev kajakhyra 250:-\/dag, torrdr\u00e4kt 100:-\/dag (b\u00e5de kajak o torrdr\u00e4kt, 300:-\/dag).<\/p>\n<p>F\u00f6r dig som examinerat dig p\u00e5 gul niv\u00e5 (inget krav), g\u00e5tt heldagskursen enligt Gr\u00f6nt Paddelpass\/EPP 2\/BCU 2\u00a0eller liknande och d\u00e4refter hunnit med att paddla en hel del sj\u00e4lv.<\/p>\n<p>https:\/\/www.kanot.com\/Paddelpasset\/paddelpassetniva0-5\/Niva2Gron\/Kajak\/<\/p>\n<p>Vi kan ordna kursdatum efter dina \u00f6nskem\u00e5l\/We can arrange Assessment Days for this course. F\u00f6resl\u00e5 datum\/Suggest a day, bokas\/book\u00a0\u00a0via mejl seakayakbilldal@gmail.com\u00a0 eller ring\/sms 0701488503<\/p>\n<blockquote>\n<p style=\"text-align: left;\"><strong>C)\u00a0 Paddelpasset BL\u00c5 kurs (EPP 3),\u00a0 heldagstr\u00e4ning, <\/strong><em>9-16, 1750:- per tr\u00e4ningsdag, 1750:- f\u00f6r examination. Tillkommer ev kajakhyra 250:-\/dag, torrdr\u00e4kt 100:-\/dag (b\u00e5de kajak o torrdr\u00e4kt, 300:-\/dag). F\u00f6r dig som g\u00e5tt Paddelpasset GR\u00d6N kurs\/EPP 2\/BCU 2 eller liknande och d\u00e4refter hunnit med att paddla en hel del sj\u00e4lv. H\u00f6gre krav p\u00e5 \u00e4ndam\u00e5lsenlig paddelteknik och fler r\u00e4ddnings\u00f6vningar som skall utf\u00f6ras i f\u00f6rh\u00e5llanden som niv\u00e5n kr\u00e4ver (upp till 1 m v\u00e5gor). Teori. Inneh\u00e5ll p\u00e5 kurs skickas vid intresseanm\u00e4lan.<\/em><\/p>\n<\/blockquote>\n<ol>\n<li>N\u00e5gon dag\/helg i april 2026 &amp; n\u00e5gon helg i september\/oktober<\/li>\n<\/ol>\n<p>https:\/\/www.kanot.com\/Paddelpasset\/paddelpassetniva0-5\/Niva3Bla\/Havskajak\/<\/p>\n<div>Mer information och bokning sker via seakayakbilldal@gmail.com eller 0701488503<\/div>\n<div><\/div>\n<p><strong>D) Kurs R\u00e4ddning\/S\u00e4kerhet:<\/strong> F\u00f6rdjupning av r\u00e4ddningsf\u00e4rdigheter och s\u00e4kerhet. Flera olika s\u00e4tt att ta sig upp p\u00e5 egen hand, fler varianter av kamratr\u00e4ddningar, diverse bogserings\u00f6vningar, <strong>Kostnad 1500:-<\/strong>, tillkommer\u00a0ev kajakhyra 200:-, torrdr\u00e4kt 100:- (b\u00e5de kajak o torrdr\u00e4kt, 250:-). A<strong>ll inclusive kurs + utrustning 1750:-<\/strong><\/p>\n<p>En riktigt bl\u00f6t och rolig dag<\/p>\n<ol>\n<li>F\u00f6resl\u00e5 eget datum s\u00e5 f\u00f6rs\u00f6ker vi ordna fler som vill h\u00e4nga p\u00e5.<\/li>\n<\/ol>\n<p><strong>Paddelpasset GUL kurs, GR\u00d6N kurs, BL\u00c5 kurs, R\u00d6D kurs <\/strong><a href=\"http:\/\/iof2.idrottonline.se\/SvenskaKanotforbundet\/Paddelpasset\/\">http:\/\/iof2.idrottonline.se\/SvenskaKanotforbundet\/Paddelpasset\/<\/a><\/p>\n<p><strong>E) Rollning<\/strong><\/p>\n<p>Kurser med\u00a0syfte att st\u00e4rka s\u00e4kerheten till sj\u00f6ss och f\u00f6r att l\u00e4ra sig att rolla.<\/p>\n<p>Datum o Tid efter dina \u00f6nskem\u00e5l. P\u00e5g\u00e5r hela \u00e5ret.\u00a0<strong>Kajak, Torrdr\u00e4kt och Tuiliq ing\u00e5r.<\/strong> Vi siktar mot att du skall klara din f\u00f6rsta roll eller utveckla befintlig. Privat (1200:- f\u00f6r drygt 2 timmar per person, \u00e4r ni 2st s\u00e5 \u00e4r det 800:- per person), som ett Teamevent eller med kompisarna. Jag hj\u00e4lper dig till din 1a standardroll, bygga vidare\u00a0 p\u00e5 befintlig roll samt flera andra rollar<\/p>\n<ol>\n<li>Du kan boka in n\u00e4rhelst det passar dig&#8230;om det passar mig ocks\u00e5, se nedan.<\/li>\n<\/ol>\n<p>N\u00e4r \u00f6nskar du g\u00e5 kurs? Kan k\u00f6ra dessa kurser \u00e5ret om! Lite svalare om vintern f\u00f6rst\u00e5s! Hj\u00e4lpt m\u00e5nga i \u00e5r till deras f\u00f6rsta roll eller utvecklat befintliga samt l\u00e4rt ut nya rollar. F\u00f6resl\u00e5 sj\u00e4lv dag och tid s\u00e5 kanske vi kan ordna det.<\/p>\n<p>Kurser efter \u00f6nskem\u00e5l:<span style=\"color: #0b0142;\">\u00a0 seakayakbilldal@gmail.com<\/span> \/ 0701 48 85 03<\/p>\n","protected":false},"excerpt":{"rendered":"<p>2026 A) Paddelpasset GUL kurs 4,5 timmar, 1250:- (tillkommer ev kajakhyra 200:-, torrdr\u00e4kt\/v\u00e5tdr\u00e4kt 100:-\/torrdr\u00e4kt alt v\u00e5tdr\u00e4kt + kajak 250:-) all inclusive kurs och utrustning 1500:- En grundkurs f\u00f6r dig som vill l\u00e4ra dig att ta dig i och ur kajaken fr\u00e5n strand och brygga, hur du paddlar fram\u00e5t, stoppar, backar och sv\u00e4nger med svepdrag, styr &hellip; <a href=\"https:\/\/www.kajakkurser.se\/?page_id=160\" class=\"more-link\">Continue reading <span class=\"screen-reader-text\">Kajakkurser\/courses<\/span> <span class=\"meta-nav\">&rarr;<\/span><\/a><\/p>\n","protected":false},"author":1,"featured_media":2166,"parent":93,"menu_order":0,"comment_status":"open","ping_status":"open","template":"","meta":[],"_links":{"self":[{"href":"https:\/\/www.kajakkurser.se\/index.php?rest_route=\/wp\/v2\/pages\/160"}],"collection":[{"href":"https:\/\/www.kajakkurser.se\/index.php?rest_route=\/wp\/v2\/pages"}],"about":[{"href":"https:\/\/www.kajakkurser.se\/index.php?rest_route=\/wp\/v2\/types\/page"}],"author":[{"embeddable":true,"href":"https:\/\/www.kajakkurser.se\/index.php?rest_route=\/wp\/v2\/users\/1"}],"replies":[{"embeddable":true,"href":"https:\/\/www.kajakkurser.se\/index.php?rest_route=%2Fwp%2Fv2%2Fcomments&post=160"}],"version-history":[{"count":691,"href":"https:\/\/www.kajakkurser.se\/index.php?rest_route=\/wp\/v2\/pages\/160\/revisions"}],"predecessor-version":[{"id":3346,"href":"https:\/\/www.kajakkurser.se\/index.php?rest_route=\/wp\/v2\/pages\/160\/revisions\/3346"}],"up":[{"embeddable":true,"href":"https:\/\/www.kajakkurser.se\/index.php?rest_route=\/wp\/v2\/pages\/93"}],"wp:featuredmedia":[{"embeddable":true,"href":"https:\/\/www.kajakkurser.se\/index.php?rest_route=\/wp\/v2\/media\/2166"}],"wp:attachment":[{"href":"https:\/\/www.kajakkurser.se\/index.php?rest_route=%2Fwp%2Fv2%2Fmedia&parent=160"}],"curies":[{"name":"wp","href":"https:\/\/api.w.org\/{rel}","templated":true}]}}