{"id":194,"date":"2011-07-09T04:32:04","date_gmt":"2011-07-09T08:32:04","guid":{"rendered":"http:\/\/www.kajakkurser.se\/?page_id=194"},"modified":"2020-11-01T12:49:44","modified_gmt":"2020-11-01T11:49:44","slug":"presentkort-och-friskvardspaket","status":"publish","type":"page","link":"https:\/\/www.kajakkurser.se\/?page_id=194","title":{"rendered":"Presentkort"},"content":{"rendered":"<p><strong>SEA KAYAK BILLDAL<\/strong><\/p>\n<p>Du kan k\u00f6pa presentkort hos SEA KAYAK BILLDAL. Du v\u00e4ljer sj\u00e4lv summa. V\u00e4lj tur, kurs, produkt eller annan l\u00f6sning. Perfekt att ge bort en aktivitetsbaserad present! Kan betalas mot faktura eller ins\u00e4ttning p\u00e5 Nordea plusgiro 627306-4\/ bankgiro 828-7716.\u00a0 Swish 1234749362<\/p>\n<p>Ring\/sms 0701488503 eller mejla seakayakbilldal@gmail.com f\u00f6r mer info och exempel p\u00e5 hur ett presentkort kan se ut.<\/p>\n","protected":false},"excerpt":{"rendered":"<p>SEA KAYAK BILLDAL Du kan k\u00f6pa presentkort hos SEA KAYAK BILLDAL. Du v\u00e4ljer sj\u00e4lv summa. V\u00e4lj tur, kurs, produkt eller annan l\u00f6sning. Perfekt att ge bort en aktivitetsbaserad present! Kan betalas mot faktura eller ins\u00e4ttning p\u00e5 Nordea plusgiro 627306-4\/ bankgiro 828-7716.\u00a0 Swish 1234749362 Ring\/sms 0701488503 eller mejla seakayakbilldal@gmail.com f\u00f6r mer info och exempel p\u00e5 hur &hellip; <a href=\"https:\/\/www.kajakkurser.se\/?page_id=194\" class=\"more-link\">Continue reading <span class=\"screen-reader-text\">Presentkort<\/span> <span class=\"meta-nav\">&rarr;<\/span><\/a><\/p>\n","protected":false},"author":1,"featured_media":0,"parent":0,"menu_order":0,"comment_status":"open","ping_status":"open","template":"","meta":[],"_links":{"self":[{"href":"https:\/\/www.kajakkurser.se\/index.php?rest_route=\/wp\/v2\/pages\/194"}],"collection":[{"href":"https:\/\/www.kajakkurser.se\/index.php?rest_route=\/wp\/v2\/pages"}],"about":[{"href":"https:\/\/www.kajakkurser.se\/index.php?rest_route=\/wp\/v2\/types\/page"}],"author":[{"embeddable":true,"href":"https:\/\/www.kajakkurser.se\/index.php?rest_route=\/wp\/v2\/users\/1"}],"replies":[{"embeddable":true,"href":"https:\/\/www.kajakkurser.se\/index.php?rest_route=%2Fwp%2Fv2%2Fcomments&post=194"}],"version-history":[{"count":15,"href":"https:\/\/www.kajakkurser.se\/index.php?rest_route=\/wp\/v2\/pages\/194\/revisions"}],"predecessor-version":[{"id":2466,"href":"https:\/\/www.kajakkurser.se\/index.php?rest_route=\/wp\/v2\/pages\/194\/revisions\/2466"}],"wp:attachment":[{"href":"https:\/\/www.kajakkurser.se\/index.php?rest_route=%2Fwp%2Fv2%2Fmedia&parent=194"}],"curies":[{"name":"wp","href":"https:\/\/api.w.org\/{rel}","templated":true}]}}