{"id":2,"date":"2021-04-16T10:58:50","date_gmt":"2021-04-16T08:58:50","guid":{"rendered":"http:\/\/www.kajakkurser.se\/?page_id=2"},"modified":"2024-04-11T16:50:38","modified_gmt":"2024-04-11T14:50:38","slug":"about","status":"publish","type":"page","link":"https:\/\/www.kajakkurser.se\/?page_id=2","title":{"rendered":"Kontakt"},"content":{"rendered":"<p>Vi finns parallellt med Billdals Stationsv\u00e4g, stora grusytan\u00a0j\u00e4mte\u00a0S\u00e4r\u00f6banan (cykel o g\u00e5ngv\u00e4g) i Billdal:\u00a0 https:\/\/www.google.se\/maps\/place\/Sea+Kayak+Billdal\/@57.580509,11.9337245,17z\/data=!3m1!4b1!4m5!3m4!1s0x464fedaac7aeca27:0xf897f1da57b8cc89!8m2!3d57.5805061!4d11.9359132<\/p>\n<p><img decoding=\"async\" loading=\"lazy\" class=\"aligncenter size-thumbnail wp-image-2456\" src=\"http:\/\/www.kajakkurser.se\/wp-content\/uploads\/2017\/10\/seakayakbilldal-150x150.png\" alt=\"seakayakbilldal\" width=\"150\" height=\"150\" \/><\/p>\n<p>1) Mikael Svalstrand 0701488503\/ +46 701488503<\/p>\n<p>2) Teodor 0733804808\/ +46733804808<\/p>\n<p>seakayakbilldal@gmail.com<\/p>\n<p><span style=\"color: #0000ff;\"><a style=\"color: #0000ff;\" href=\"http:\/\/www.facebook.com\/SeaKayakBilldal\">www.facebook.com\/SeaKayakBilldal<\/a><\/span><\/p>\n<p>&nbsp;<\/p>\n<p>&nbsp;<\/p>\n","protected":false},"excerpt":{"rendered":"<p>Vi finns parallellt med Billdals Stationsv\u00e4g, stora grusytan\u00a0j\u00e4mte\u00a0S\u00e4r\u00f6banan (cykel o g\u00e5ngv\u00e4g) i Billdal:\u00a0 https:\/\/www.google.se\/maps\/place\/Sea+Kayak+Billdal\/@57.580509,11.9337245,17z\/data=!3m1!4b1!4m5!3m4!1s0x464fedaac7aeca27:0xf897f1da57b8cc89!8m2!3d57.5805061!4d11.9359132 1) Mikael Svalstrand 0701488503\/ +46 701488503 2) Teodor 0733804808\/ +46733804808 seakayakbilldal@gmail.com www.facebook.com\/SeaKayakBilldal &nbsp; &nbsp;<\/p>\n","protected":false},"author":1,"featured_media":0,"parent":0,"menu_order":5,"comment_status":"open","ping_status":"open","template":"","meta":[],"_links":{"self":[{"href":"https:\/\/www.kajakkurser.se\/index.php?rest_route=\/wp\/v2\/pages\/2"}],"collection":[{"href":"https:\/\/www.kajakkurser.se\/index.php?rest_route=\/wp\/v2\/pages"}],"about":[{"href":"https:\/\/www.kajakkurser.se\/index.php?rest_route=\/wp\/v2\/types\/page"}],"author":[{"embeddable":true,"href":"https:\/\/www.kajakkurser.se\/index.php?rest_route=\/wp\/v2\/users\/1"}],"replies":[{"embeddable":true,"href":"https:\/\/www.kajakkurser.se\/index.php?rest_route=%2Fwp%2Fv2%2Fcomments&post=2"}],"version-history":[{"count":20,"href":"https:\/\/www.kajakkurser.se\/index.php?rest_route=\/wp\/v2\/pages\/2\/revisions"}],"predecessor-version":[{"id":3124,"href":"https:\/\/www.kajakkurser.se\/index.php?rest_route=\/wp\/v2\/pages\/2\/revisions\/3124"}],"wp:attachment":[{"href":"https:\/\/www.kajakkurser.se\/index.php?rest_route=%2Fwp%2Fv2%2Fmedia&parent=2"}],"curies":[{"name":"wp","href":"https:\/\/api.w.org\/{rel}","templated":true}]}}