{"id":204,"date":"2021-04-09T04:44:51","date_gmt":"2021-04-09T02:44:51","guid":{"rendered":"http:\/\/www.kajakkurser.se\/?page_id=204"},"modified":"2025-11-03T22:17:03","modified_gmt":"2025-11-03T21:17:03","slug":"204-2","status":"publish","type":"page","link":"https:\/\/www.kajakkurser.se\/?page_id=204","title":{"rendered":"Paddelpasset BL\u00c5 kurs"},"content":{"rendered":"<p><strong>Bl\u00e5tt Paddelpass,\u00a0 heldagstr\u00e4ning, <\/strong>9-17, 1750:-, tillkommer ev kajakhyra 200:-, torrdr\u00e4kt 100:- (b\u00e5de kajak o torrdr\u00e4kt, 250:-). F\u00f6r dig som g\u00e5tt Paddelpasset GR\u00d6N kurs och d\u00e4refter hunnit med att paddla en hel del sj\u00e4lv.<\/p>\n<p>Lite mer avancerat med st\u00f6rre krav p\u00e5 paddelteknik, fler r\u00e4ddnings\u00f6vningar, rollning etc. Man\u00f6vrering och st\u00f6d genom lutning\/kantning av kajaken i sv\u00e5rare f\u00f6rh\u00e5llanden. L\u00e5gt och h\u00f6gt st\u00f6d. Styrtekniker med paddeln. R\u00e4ddningstekniker. V\u00e5gor o vind.<\/p>\n<p>http:\/\/www.kanot.com\/Paddelpasset\/Niva3Bla\/Havskajak\/<\/p>\n<p>seakayakbilldal@gmail.com \u00a0\u00a0 +46 (0)701488503<\/p>\n<p>F\u00f6rkunskaper: Paddelpasset GR\u00d6N eller motsvarande rekommenderas. Paddlat mycket. Kursen kan bedrivas i upp till 1 meter h\u00f6ga v\u00e5gor.<\/p>\n","protected":false},"excerpt":{"rendered":"<p>Bl\u00e5tt Paddelpass,\u00a0 heldagstr\u00e4ning, 9-17, 1750:-, tillkommer ev kajakhyra 200:-, torrdr\u00e4kt 100:- (b\u00e5de kajak o torrdr\u00e4kt, 250:-). F\u00f6r dig som g\u00e5tt Paddelpasset GR\u00d6N kurs och d\u00e4refter hunnit med att paddla en hel del sj\u00e4lv. Lite mer avancerat med st\u00f6rre krav p\u00e5 paddelteknik, fler r\u00e4ddnings\u00f6vningar, rollning etc. Man\u00f6vrering och st\u00f6d genom lutning\/kantning av kajaken i sv\u00e5rare f\u00f6rh\u00e5llanden. &hellip; <a href=\"https:\/\/www.kajakkurser.se\/?page_id=204\" class=\"more-link\">Continue reading <span class=\"screen-reader-text\">Paddelpasset BL\u00c5 kurs<\/span> <span class=\"meta-nav\">&rarr;<\/span><\/a><\/p>\n","protected":false},"author":1,"featured_media":2101,"parent":41,"menu_order":3,"comment_status":"open","ping_status":"open","template":"","meta":[],"_links":{"self":[{"href":"https:\/\/www.kajakkurser.se\/index.php?rest_route=\/wp\/v2\/pages\/204"}],"collection":[{"href":"https:\/\/www.kajakkurser.se\/index.php?rest_route=\/wp\/v2\/pages"}],"about":[{"href":"https:\/\/www.kajakkurser.se\/index.php?rest_route=\/wp\/v2\/types\/page"}],"author":[{"embeddable":true,"href":"https:\/\/www.kajakkurser.se\/index.php?rest_route=\/wp\/v2\/users\/1"}],"replies":[{"embeddable":true,"href":"https:\/\/www.kajakkurser.se\/index.php?rest_route=%2Fwp%2Fv2%2Fcomments&post=204"}],"version-history":[{"count":14,"href":"https:\/\/www.kajakkurser.se\/index.php?rest_route=\/wp\/v2\/pages\/204\/revisions"}],"predecessor-version":[{"id":3325,"href":"https:\/\/www.kajakkurser.se\/index.php?rest_route=\/wp\/v2\/pages\/204\/revisions\/3325"}],"up":[{"embeddable":true,"href":"https:\/\/www.kajakkurser.se\/index.php?rest_route=\/wp\/v2\/pages\/41"}],"wp:featuredmedia":[{"embeddable":true,"href":"https:\/\/www.kajakkurser.se\/index.php?rest_route=\/wp\/v2\/media\/2101"}],"wp:attachment":[{"href":"https:\/\/www.kajakkurser.se\/index.php?rest_route=%2Fwp%2Fv2%2Fmedia&parent=204"}],"curies":[{"name":"wp","href":"https:\/\/api.w.org\/{rel}","templated":true}]}}