{"id":2112,"date":"2021-04-23T15:12:56","date_gmt":"2021-04-23T13:12:56","guid":{"rendered":"http:\/\/www.kajakkurser.se\/?page_id=2112"},"modified":"2024-11-22T11:41:46","modified_gmt":"2024-11-22T10:41:46","slug":"rollningeskimosvang","status":"publish","type":"page","link":"https:\/\/www.kajakkurser.se\/?page_id=2112","title":{"rendered":"Rollning\/Eskimosv\u00e4ng"},"content":{"rendered":"<p><strong>Rollning<\/strong><\/p>\n<p>Kurser med\u00a0syfte att st\u00e4rka s\u00e4kerheten till sj\u00f6ss och f\u00f6r att l\u00e4ra sig att rolla.<\/p>\n<p>Datum o Tid efter dina \u00f6nskem\u00e5l. <strong>Kajak, Torrdr\u00e4kt och Tuiliq ing\u00e5r.<\/strong> Vi siktar mot att du skall klara din f\u00f6rsta roll eller utveckla befintlig. Privat (1200:- f\u00f6r drygt 2 timmar per person, \u00e4r ni 2st s\u00e5 800:- per person), som ett Teamevent eller med kompisarna. Jag hj\u00e4lper dig till din 1a standardroll och\/eller bygga p\u00e5 befintlig roll samt flertalet andra rollar s\u00e5som Butterfly roll, Shotgun roll, Storm Roll, Reverse Sweep Roll, Hand roll, Norsaq etc.<\/p>\n<p>seakayakbilldal@gmail.com\u00a0 +46 (0)701488503<\/p>\n","protected":false},"excerpt":{"rendered":"<p>Rollning Kurser med\u00a0syfte att st\u00e4rka s\u00e4kerheten till sj\u00f6ss och f\u00f6r att l\u00e4ra sig att rolla. Datum o Tid efter dina \u00f6nskem\u00e5l. Kajak, Torrdr\u00e4kt och Tuiliq ing\u00e5r. Vi siktar mot att du skall klara din f\u00f6rsta roll eller utveckla befintlig. Privat (1200:- f\u00f6r drygt 2 timmar per person, \u00e4r ni 2st s\u00e5 800:- per person), som &hellip; <a href=\"https:\/\/www.kajakkurser.se\/?page_id=2112\" class=\"more-link\">Continue reading <span class=\"screen-reader-text\">Rollning\/Eskimosv\u00e4ng<\/span> <span class=\"meta-nav\">&rarr;<\/span><\/a><\/p>\n","protected":false},"author":1,"featured_media":2200,"parent":41,"menu_order":0,"comment_status":"closed","ping_status":"closed","template":"","meta":[],"_links":{"self":[{"href":"https:\/\/www.kajakkurser.se\/index.php?rest_route=\/wp\/v2\/pages\/2112"}],"collection":[{"href":"https:\/\/www.kajakkurser.se\/index.php?rest_route=\/wp\/v2\/pages"}],"about":[{"href":"https:\/\/www.kajakkurser.se\/index.php?rest_route=\/wp\/v2\/types\/page"}],"author":[{"embeddable":true,"href":"https:\/\/www.kajakkurser.se\/index.php?rest_route=\/wp\/v2\/users\/1"}],"replies":[{"embeddable":true,"href":"https:\/\/www.kajakkurser.se\/index.php?rest_route=%2Fwp%2Fv2%2Fcomments&post=2112"}],"version-history":[{"count":7,"href":"https:\/\/www.kajakkurser.se\/index.php?rest_route=\/wp\/v2\/pages\/2112\/revisions"}],"predecessor-version":[{"id":3200,"href":"https:\/\/www.kajakkurser.se\/index.php?rest_route=\/wp\/v2\/pages\/2112\/revisions\/3200"}],"up":[{"embeddable":true,"href":"https:\/\/www.kajakkurser.se\/index.php?rest_route=\/wp\/v2\/pages\/41"}],"wp:featuredmedia":[{"embeddable":true,"href":"https:\/\/www.kajakkurser.se\/index.php?rest_route=\/wp\/v2\/media\/2200"}],"wp:attachment":[{"href":"https:\/\/www.kajakkurser.se\/index.php?rest_route=%2Fwp%2Fv2%2Fmedia&parent=2112"}],"curies":[{"name":"wp","href":"https:\/\/api.w.org\/{rel}","templated":true}]}}