{"id":223,"date":"2011-07-09T05:38:49","date_gmt":"2011-07-09T09:38:49","guid":{"rendered":"http:\/\/www.kajakkurser.se\/?page_id=223"},"modified":"2020-03-24T13:22:52","modified_gmt":"2020-03-24T12:22:52","slug":"tur-till-vulkanoar-sicilien","status":"publish","type":"page","link":"https:\/\/www.kajakkurser.se\/?page_id=223","title":{"rendered":"Turer till Sicilien"},"content":{"rendered":"<p>SEA KAYAK BILLDAL\u00a0kan hj\u00e4lpa er med kontakter p\u00e5 Sicilien. Kolla in Francesco Petralias hemsida, <a href=\"http:\/\/www.maremotu.it\">www.maremotu.it .<\/a>\u00a0 Han hj\u00e4lper er med paddling p\u00e5 sydostkusten, ostkusten med utg\u00e5ngsl\u00e4ge Catania men \u00e4ven m\u00f6jlighet till paddling i den fantastiska Eoliska \u00f6v\u00e4rlden med bl a Stromboli som en m\u00f6jlighet. F\u00f6r mer info ring g\u00e4rna Mikael Svalstrand\u00a0p\u00e5 0701488503.<\/p>\n<p>Om ni flyger till Trapani eller Palermo kan Vicenzo Stuppia <a href=\"http:\/\/www.kayaksicilia.it\/\">http:\/\/www.kayaksicilia.it\/<\/a> hj\u00e4lpa er med att paddla i den Egadiska \u00f6v\u00e4rlden eller Nordv\u00e4stra Sicilien (Zingaro\/Castellamare) med grottor, badvikar etc.<\/p>\n<p>Reportage (skrivet av Mikael Svalstrand)\u00a0fr\u00e5n symposium och tur i Eoliska \u00f6v\u00e4rlden finns h\u00e4r: https:\/\/svalstrand.blogspot.com\/2011\/11\/vulcanoa-2010.html<\/p>\n","protected":false},"excerpt":{"rendered":"<p>SEA KAYAK BILLDAL\u00a0kan hj\u00e4lpa er med kontakter p\u00e5 Sicilien. Kolla in Francesco Petralias hemsida, www.maremotu.it .\u00a0 Han hj\u00e4lper er med paddling p\u00e5 sydostkusten, ostkusten med utg\u00e5ngsl\u00e4ge Catania men \u00e4ven m\u00f6jlighet till paddling i den fantastiska Eoliska \u00f6v\u00e4rlden med bl a Stromboli som en m\u00f6jlighet. F\u00f6r mer info ring g\u00e4rna Mikael Svalstrand\u00a0p\u00e5 0701488503. Om ni flyger &hellip; <a href=\"https:\/\/www.kajakkurser.se\/?page_id=223\" class=\"more-link\">Continue reading <span class=\"screen-reader-text\">Turer till Sicilien<\/span> <span class=\"meta-nav\">&rarr;<\/span><\/a><\/p>\n","protected":false},"author":1,"featured_media":0,"parent":10,"menu_order":3,"comment_status":"open","ping_status":"open","template":"","meta":[],"_links":{"self":[{"href":"https:\/\/www.kajakkurser.se\/index.php?rest_route=\/wp\/v2\/pages\/223"}],"collection":[{"href":"https:\/\/www.kajakkurser.se\/index.php?rest_route=\/wp\/v2\/pages"}],"about":[{"href":"https:\/\/www.kajakkurser.se\/index.php?rest_route=\/wp\/v2\/types\/page"}],"author":[{"embeddable":true,"href":"https:\/\/www.kajakkurser.se\/index.php?rest_route=\/wp\/v2\/users\/1"}],"replies":[{"embeddable":true,"href":"https:\/\/www.kajakkurser.se\/index.php?rest_route=%2Fwp%2Fv2%2Fcomments&post=223"}],"version-history":[{"count":15,"href":"https:\/\/www.kajakkurser.se\/index.php?rest_route=\/wp\/v2\/pages\/223\/revisions"}],"predecessor-version":[{"id":2120,"href":"https:\/\/www.kajakkurser.se\/index.php?rest_route=\/wp\/v2\/pages\/223\/revisions\/2120"}],"up":[{"embeddable":true,"href":"https:\/\/www.kajakkurser.se\/index.php?rest_route=\/wp\/v2\/pages\/10"}],"wp:attachment":[{"href":"https:\/\/www.kajakkurser.se\/index.php?rest_route=%2Fwp%2Fv2%2Fmedia&parent=223"}],"curies":[{"name":"wp","href":"https:\/\/api.w.org\/{rel}","templated":true}]}}