{"id":28,"date":"2020-02-01T04:24:17","date_gmt":"2020-02-01T03:24:17","guid":{"rendered":"http:\/\/www.kajakkurser.se\/?page_id=28"},"modified":"2026-04-14T18:16:38","modified_gmt":"2026-04-14T16:16:38","slug":"turforslag","status":"publish","type":"page","link":"https:\/\/www.kajakkurser.se\/?page_id=28","title":{"rendered":"Turf\u00f6rslag"},"content":{"rendered":"<ul>\n<li style=\"text-align: left;\"><strong>3-4 timmar<\/strong> med guide inklusive utrustning, grundl\u00e4ggande paddelteknik och tur i innersk\u00e4rg\u00e5rden<\/li>\n<\/ul>\n<p>800:- per person<\/p>\n<ul>\n<li><strong>Tur till Ris\u00f6. 6 timmar<\/strong> med guide inklusive utrustning, grundl\u00e4ggande paddelteknik och f\u00f6rdjupade kajakkunskaper.\u00a0Lunch ing\u00e5r.<\/li>\n<\/ul>\n<p>1100:- ord pris per person, inkl kajak m tillbeh\u00f6r, (minst 2 personer) egen kajak avdrag 150kr, dvs 900kr.<\/p>\n<ul>\n<li><strong>7-8 timmar<\/strong> inklusive utrustning, paddelteknik, sj\u00f6s\u00e4kerhet samt tur ut till yttersk\u00e4rg\u00e5rden (t. ex Vr\u00e5ng\u00f6 runt, mellan Styrs\u00f6 o Dons\u00f6, Kungs\u00f6\/Torn\u00f6). 1400:- per person (minst 2 personer). Kajak och torrdr\u00e4kt ing\u00e5r.<\/li>\n<\/ul>\n<ul>\n<li><strong>2 dagars:<\/strong> Inklusive utrustning, paddelteknik, sj\u00f6s\u00e4kerhet, \u00f6vernattning i t\u00e4lt i yttersk\u00e4rg\u00e5rden<\/li>\n<\/ul>\n<p>1800:- per person (minst 2 personer)<\/p>\n<ul>\n<li><strong>2 dagars +<\/strong> : Inklusive utrustning, paddelteknik, sj\u00f6s\u00e4kerhet, \u00f6vernattning i t\u00e4lt i yttersk\u00e4rg\u00e5rden, mat och dryck ing\u00e5r (lunch, mellanm\u00e5l, middag, frukost, lunch)<\/li>\n<\/ul>\n<p>2200:- per person (minst 2 personer)<\/p>\n<ul>\n<li><strong>Gruppriser<\/strong>: N\u00e5got av ovanst\u00e5ende.\u00a0Vi skapar f\u00f6ruts\u00e4ttningar f\u00f6r en lyckad halvdag\/heldag. Ta kontakt f\u00f6r mer info: <span style=\"color: #0b0142;\">seakayakbilldal@gmail.com \u00a0 +46 (<\/span>0)701488503<\/li>\n<\/ul>\n<ul>\n<li><strong>Teambildning<\/strong> (f\u00f6retag\/klubbar etc.): Vi skapar f\u00f6ruts\u00e4ttningar f\u00f6r en lyckad halvdag\/heldag.\u00a0 \u00a0 \u00a0 \u00a0 \u00a0 \u00a0 \u00a0 \u00a0 \u00a0 \u00a0 \u00a0 \u00a0 \u00a0 \u00a0 seakayakbilldal@gmail.com\u00a0 +46 (0)701488503<\/li>\n<\/ul>\n<ul>\n<li><strong>Utrustning<\/strong><\/li>\n<\/ul>\n<p>Med utrustning avser kajak, paddel , flytv\u00e4st, sittbrunnskapell, flott\u00f6r. Kajakerna vi har \u00e4r fr\u00e5n Aquarius, Tiderace och Rebel.<\/p>\n","protected":false},"excerpt":{"rendered":"<p>3-4 timmar med guide inklusive utrustning, grundl\u00e4ggande paddelteknik och tur i innersk\u00e4rg\u00e5rden 800:- per person Tur till Ris\u00f6. 6 timmar med guide inklusive utrustning, grundl\u00e4ggande paddelteknik och f\u00f6rdjupade kajakkunskaper.\u00a0Lunch ing\u00e5r. 1100:- ord pris per person, inkl kajak m tillbeh\u00f6r, (minst 2 personer) egen kajak avdrag 150kr, dvs 900kr. 7-8 timmar inklusive utrustning, paddelteknik, sj\u00f6s\u00e4kerhet samt &hellip; <a href=\"https:\/\/www.kajakkurser.se\/?page_id=28\" class=\"more-link\">Continue reading <span class=\"screen-reader-text\">Turf\u00f6rslag<\/span> <span class=\"meta-nav\">&rarr;<\/span><\/a><\/p>\n","protected":false},"author":1,"featured_media":174,"parent":10,"menu_order":1,"comment_status":"open","ping_status":"open","template":"","meta":[],"_links":{"self":[{"href":"https:\/\/www.kajakkurser.se\/index.php?rest_route=\/wp\/v2\/pages\/28"}],"collection":[{"href":"https:\/\/www.kajakkurser.se\/index.php?rest_route=\/wp\/v2\/pages"}],"about":[{"href":"https:\/\/www.kajakkurser.se\/index.php?rest_route=\/wp\/v2\/types\/page"}],"author":[{"embeddable":true,"href":"https:\/\/www.kajakkurser.se\/index.php?rest_route=\/wp\/v2\/users\/1"}],"replies":[{"embeddable":true,"href":"https:\/\/www.kajakkurser.se\/index.php?rest_route=%2Fwp%2Fv2%2Fcomments&post=28"}],"version-history":[{"count":35,"href":"https:\/\/www.kajakkurser.se\/index.php?rest_route=\/wp\/v2\/pages\/28\/revisions"}],"predecessor-version":[{"id":3348,"href":"https:\/\/www.kajakkurser.se\/index.php?rest_route=\/wp\/v2\/pages\/28\/revisions\/3348"}],"up":[{"embeddable":true,"href":"https:\/\/www.kajakkurser.se\/index.php?rest_route=\/wp\/v2\/pages\/10"}],"wp:featuredmedia":[{"embeddable":true,"href":"https:\/\/www.kajakkurser.se\/index.php?rest_route=\/wp\/v2\/media\/174"}],"wp:attachment":[{"href":"https:\/\/www.kajakkurser.se\/index.php?rest_route=%2Fwp%2Fv2%2Fmedia&parent=28"}],"curies":[{"name":"wp","href":"https:\/\/api.w.org\/{rel}","templated":true}]}}