{"id":393,"date":"2020-02-01T15:12:18","date_gmt":"2020-02-01T14:12:18","guid":{"rendered":"http:\/\/www.kajakkurser.se\/?page_id=393"},"modified":"2024-11-22T11:45:39","modified_gmt":"2024-11-22T10:45:39","slug":"uthyrning","status":"publish","type":"page","link":"https:\/\/www.kajakkurser.se\/?page_id=393","title":{"rendered":"Uthyrning \/ Rental"},"content":{"rendered":"<hr \/>\n<p><strong>Havskajak\/Sea Kayak\u00a02025<\/strong><\/p>\n<p>3 timmar\/3 hours: Enpersonskajak\/Single 375:-\/ Tv\u00e5personskajak\/Tandem 625:-<\/p>\n<p>Heldag\/Full day\u00a0(9-17): Enpersonskajak 450:- \/Tv\u00e5personskajak 700:-<\/p>\n<p>Heldag\u00a0+ kv\u00e4ll (9-21): Enpersonskajak 550:- \/ Tv\u00e5personskajak 750:-<\/p>\n<p>Dygnshyra: Enpersonskajak 625:-\/ Tv\u00e5personskajak 825:-<\/p>\n<p>2 dygn: 800:-\/1000:-<\/p>\n<p>3 dygn: 950:-\/1150:-<\/p>\n<p>Vecka : 2000:-\/2500:-<\/p>\n<p>SUP (StandUp Paddle board)<\/p>\n<p>1 timme 225:-\/ 3 timmar 375:-\/ heldag 425:-<\/p>\n<p>Kajaker:<\/p>\n<p>Tiderace<\/p>\n<p>Rebel<\/p>\n<p>Aquarius<\/p>\n<p>I hyran ing\u00e5r paddel, sittbrunnskapell, karta, paddelflytv\u00e4st, samt grundl\u00e4ggande kurs- o tr\u00e4ningsinstruktioner avseende paddelteknik, handhavande samt viss navigering och s\u00e4kerhet.<\/p>\n<p>Boka via mejl seakayakbilldal@gmail.com eller ring\/sms \u00a0 \u00a0 \u00a0 \u00a0 \u00a0 \u00a0 \u00a0 \u00a0 \u00a0 \u00a0 +46 (0)701488503<\/p>\n<p>If I do not answer (might be on the water&#8230;) call +46 (0)733804808 (Teodor)<\/p>\n","protected":false},"excerpt":{"rendered":"<p>Havskajak\/Sea Kayak\u00a02025 3 timmar\/3 hours: Enpersonskajak\/Single 375:-\/ Tv\u00e5personskajak\/Tandem 625:- Heldag\/Full day\u00a0(9-17): Enpersonskajak 450:- \/Tv\u00e5personskajak 700:- Heldag\u00a0+ kv\u00e4ll (9-21): Enpersonskajak 550:- \/ Tv\u00e5personskajak 750:- Dygnshyra: Enpersonskajak 625:-\/ Tv\u00e5personskajak 825:- 2 dygn: 800:-\/1000:- 3 dygn: 950:-\/1150:- Vecka : 2000:-\/2500:- SUP (StandUp Paddle board) 1 timme 225:-\/ 3 timmar 375:-\/ heldag 425:- Kajaker: Tiderace Rebel Aquarius I hyran &hellip; <a href=\"https:\/\/www.kajakkurser.se\/?page_id=393\" class=\"more-link\">Continue reading <span class=\"screen-reader-text\">Uthyrning \/ Rental<\/span> <span class=\"meta-nav\">&rarr;<\/span><\/a><\/p>\n","protected":false},"author":1,"featured_media":545,"parent":0,"menu_order":0,"comment_status":"open","ping_status":"open","template":"","meta":[],"_links":{"self":[{"href":"https:\/\/www.kajakkurser.se\/index.php?rest_route=\/wp\/v2\/pages\/393"}],"collection":[{"href":"https:\/\/www.kajakkurser.se\/index.php?rest_route=\/wp\/v2\/pages"}],"about":[{"href":"https:\/\/www.kajakkurser.se\/index.php?rest_route=\/wp\/v2\/types\/page"}],"author":[{"embeddable":true,"href":"https:\/\/www.kajakkurser.se\/index.php?rest_route=\/wp\/v2\/users\/1"}],"replies":[{"embeddable":true,"href":"https:\/\/www.kajakkurser.se\/index.php?rest_route=%2Fwp%2Fv2%2Fcomments&post=393"}],"version-history":[{"count":35,"href":"https:\/\/www.kajakkurser.se\/index.php?rest_route=\/wp\/v2\/pages\/393\/revisions"}],"predecessor-version":[{"id":3202,"href":"https:\/\/www.kajakkurser.se\/index.php?rest_route=\/wp\/v2\/pages\/393\/revisions\/3202"}],"wp:featuredmedia":[{"embeddable":true,"href":"https:\/\/www.kajakkurser.se\/index.php?rest_route=\/wp\/v2\/media\/545"}],"wp:attachment":[{"href":"https:\/\/www.kajakkurser.se\/index.php?rest_route=%2Fwp%2Fv2%2Fmedia&parent=393"}],"curies":[{"name":"wp","href":"https:\/\/api.w.org\/{rel}","templated":true}]}}