{"id":41,"date":"2021-04-01T04:45:29","date_gmt":"2021-04-01T02:45:29","guid":{"rendered":"http:\/\/www.kajakkurser.se\/?page_id=41"},"modified":"2021-04-29T08:47:43","modified_gmt":"2021-04-29T06:47:43","slug":"kurser","status":"publish","type":"page","link":"https:\/\/www.kajakkurser.se\/?page_id=41","title":{"rendered":"Kurser"},"content":{"rendered":"<p>H\u00e4r presenterar vi v\u00e5rt kursutbud. Under fliken\u00a0AKTUELLT kan du se om det \u00e4r n\u00e5gon kurs p\u00e5 g\u00e5ng med tid fastst\u00e4lld av oss. Ni kan sj\u00e4lva f\u00f6resl\u00e5\u00a0datum f\u00f6r kurs, minst tv\u00e5 personer. Viss m\u00f6jlighet att kombinera kurser finns.<\/p>\n<p>&nbsp;<\/p>\n","protected":false},"excerpt":{"rendered":"<p>H\u00e4r presenterar vi v\u00e5rt kursutbud. Under fliken\u00a0AKTUELLT kan du se om det \u00e4r n\u00e5gon kurs p\u00e5 g\u00e5ng med tid fastst\u00e4lld av oss. Ni kan sj\u00e4lva f\u00f6resl\u00e5\u00a0datum f\u00f6r kurs, minst tv\u00e5 personer. Viss m\u00f6jlighet att kombinera kurser finns. &nbsp;<\/p>\n","protected":false},"author":1,"featured_media":2046,"parent":0,"menu_order":0,"comment_status":"open","ping_status":"open","template":"","meta":[],"_links":{"self":[{"href":"https:\/\/www.kajakkurser.se\/index.php?rest_route=\/wp\/v2\/pages\/41"}],"collection":[{"href":"https:\/\/www.kajakkurser.se\/index.php?rest_route=\/wp\/v2\/pages"}],"about":[{"href":"https:\/\/www.kajakkurser.se\/index.php?rest_route=\/wp\/v2\/types\/page"}],"author":[{"embeddable":true,"href":"https:\/\/www.kajakkurser.se\/index.php?rest_route=\/wp\/v2\/users\/1"}],"replies":[{"embeddable":true,"href":"https:\/\/www.kajakkurser.se\/index.php?rest_route=%2Fwp%2Fv2%2Fcomments&post=41"}],"version-history":[{"count":17,"href":"https:\/\/www.kajakkurser.se\/index.php?rest_route=\/wp\/v2\/pages\/41\/revisions"}],"predecessor-version":[{"id":1025,"href":"https:\/\/www.kajakkurser.se\/index.php?rest_route=\/wp\/v2\/pages\/41\/revisions\/1025"}],"wp:featuredmedia":[{"embeddable":true,"href":"https:\/\/www.kajakkurser.se\/index.php?rest_route=\/wp\/v2\/media\/2046"}],"wp:attachment":[{"href":"https:\/\/www.kajakkurser.se\/index.php?rest_route=%2Fwp%2Fv2%2Fmedia&parent=41"}],"curies":[{"name":"wp","href":"https:\/\/api.w.org\/{rel}","templated":true}]}}