{"id":445,"date":"2021-02-08T12:10:55","date_gmt":"2021-02-08T11:10:55","guid":{"rendered":"http:\/\/www.kajakkurser.se\/?page_id=445"},"modified":"2023-03-17T10:31:43","modified_gmt":"2023-03-17T09:31:43","slug":"forsaljning","status":"publish","type":"page","link":"https:\/\/www.kajakkurser.se\/?page_id=445","title":{"rendered":"F\u00f6rs\u00e4ljning"},"content":{"rendered":"<p>Kajaker, nya och begagnade, fr\u00e5n Aquarius, Rebel Kayaks och Tiderace. Finns \u00e4ven en del begagnat fr\u00e5n Tahe Outdoors.<\/p>\n<p>Det finns begagnade kajaker som varit i uthyrning, med p\u00e5 turer och kurser, nya kajaker i lager, s\u00e5 kom f\u00f6rbi och kika, k\u00e4nn, prova!<br \/>\nProvpaddling ing\u00e5r i samband med k\u00f6p, annars 200:-\/timme<br \/>\nRing 0701 48 85 03\u00a0 eller skicka e-post seakayakbilldal@gmail.com<\/p>\n","protected":false},"excerpt":{"rendered":"<p>Kajaker, nya och begagnade, fr\u00e5n Aquarius, Rebel Kayaks och Tiderace. Finns \u00e4ven en del begagnat fr\u00e5n Tahe Outdoors. Det finns begagnade kajaker som varit i uthyrning, med p\u00e5 turer och kurser, nya kajaker i lager, s\u00e5 kom f\u00f6rbi och kika, k\u00e4nn, prova! Provpaddling ing\u00e5r i samband med k\u00f6p, annars 200:-\/timme Ring 0701 48 85 03\u00a0 &hellip; <a href=\"https:\/\/www.kajakkurser.se\/?page_id=445\" class=\"more-link\">Continue reading <span class=\"screen-reader-text\">F\u00f6rs\u00e4ljning<\/span> <span class=\"meta-nav\">&rarr;<\/span><\/a><\/p>\n","protected":false},"author":1,"featured_media":2209,"parent":0,"menu_order":0,"comment_status":"open","ping_status":"open","template":"","meta":[],"_links":{"self":[{"href":"https:\/\/www.kajakkurser.se\/index.php?rest_route=\/wp\/v2\/pages\/445"}],"collection":[{"href":"https:\/\/www.kajakkurser.se\/index.php?rest_route=\/wp\/v2\/pages"}],"about":[{"href":"https:\/\/www.kajakkurser.se\/index.php?rest_route=\/wp\/v2\/types\/page"}],"author":[{"embeddable":true,"href":"https:\/\/www.kajakkurser.se\/index.php?rest_route=\/wp\/v2\/users\/1"}],"replies":[{"embeddable":true,"href":"https:\/\/www.kajakkurser.se\/index.php?rest_route=%2Fwp%2Fv2%2Fcomments&post=445"}],"version-history":[{"count":140,"href":"https:\/\/www.kajakkurser.se\/index.php?rest_route=\/wp\/v2\/pages\/445\/revisions"}],"predecessor-version":[{"id":2998,"href":"https:\/\/www.kajakkurser.se\/index.php?rest_route=\/wp\/v2\/pages\/445\/revisions\/2998"}],"wp:featuredmedia":[{"embeddable":true,"href":"https:\/\/www.kajakkurser.se\/index.php?rest_route=\/wp\/v2\/media\/2209"}],"wp:attachment":[{"href":"https:\/\/www.kajakkurser.se\/index.php?rest_route=%2Fwp%2Fv2%2Fmedia&parent=445"}],"curies":[{"name":"wp","href":"https:\/\/api.w.org\/{rel}","templated":true}]}}