{"id":93,"date":"2021-04-09T08:08:34","date_gmt":"2021-04-09T06:08:34","guid":{"rendered":"http:\/\/www.kajakkurser.se\/?page_id=93"},"modified":"2024-04-11T17:21:52","modified_gmt":"2024-04-11T15:21:52","slug":"aktuellt","status":"publish","type":"page","link":"https:\/\/www.kajakkurser.se\/?page_id=93","title":{"rendered":"Aktuellt: kurser &#038; turer"},"content":{"rendered":"<p><strong>Kolla in de olika flikarna. H\u00e4r f\u00f6rs\u00f6ker vi uppdatera\u00a0er med kurser och turer\u00a0<\/strong><\/p>\n<p>Here we try to keep you informed about Courses and tours<\/p>\n","protected":false},"excerpt":{"rendered":"<p>Kolla in de olika flikarna. H\u00e4r f\u00f6rs\u00f6ker vi uppdatera\u00a0er med kurser och turer\u00a0 Here we try to keep you informed about Courses and tours<\/p>\n","protected":false},"author":1,"featured_media":1851,"parent":0,"menu_order":0,"comment_status":"open","ping_status":"open","template":"","meta":[],"_links":{"self":[{"href":"https:\/\/www.kajakkurser.se\/index.php?rest_route=\/wp\/v2\/pages\/93"}],"collection":[{"href":"https:\/\/www.kajakkurser.se\/index.php?rest_route=\/wp\/v2\/pages"}],"about":[{"href":"https:\/\/www.kajakkurser.se\/index.php?rest_route=\/wp\/v2\/types\/page"}],"author":[{"embeddable":true,"href":"https:\/\/www.kajakkurser.se\/index.php?rest_route=\/wp\/v2\/users\/1"}],"replies":[{"embeddable":true,"href":"https:\/\/www.kajakkurser.se\/index.php?rest_route=%2Fwp%2Fv2%2Fcomments&post=93"}],"version-history":[{"count":15,"href":"https:\/\/www.kajakkurser.se\/index.php?rest_route=\/wp\/v2\/pages\/93\/revisions"}],"predecessor-version":[{"id":1814,"href":"https:\/\/www.kajakkurser.se\/index.php?rest_route=\/wp\/v2\/pages\/93\/revisions\/1814"}],"wp:featuredmedia":[{"embeddable":true,"href":"https:\/\/www.kajakkurser.se\/index.php?rest_route=\/wp\/v2\/media\/1851"}],"wp:attachment":[{"href":"https:\/\/www.kajakkurser.se\/index.php?rest_route=%2Fwp%2Fv2%2Fmedia&parent=93"}],"curies":[{"name":"wp","href":"https:\/\/api.w.org\/{rel}","templated":true}]}}